{"id":2871,"date":"2018-01-19T12:13:57","date_gmt":"2018-01-19T11:13:57","guid":{"rendered":"https:\/\/nestormartinstoves.com\/privacy-policy\/"},"modified":"2024-05-13T12:01:30","modified_gmt":"2024-05-13T10:01:30","slug":"politica-privacidad","status":"publish","type":"page","link":"https:\/\/nestormartinstoves.com\/es\/politica-privacidad\/","title":{"rendered":"Privacy policy"},"content":{"rendered":"<p><div class=\"fusion-fullwidth fullwidth-box fusion-builder-row-1 nonhundred-percent-fullwidth non-hundred-percent-height-scrolling\" style=\"--awb-border-radius-top-left:0px;--awb-border-radius-top-right:0px;--awb-border-radius-bottom-right:0px;--awb-border-radius-bottom-left:0px;--awb-flex-wrap:wrap;\" ><div class=\"fusion-builder-row fusion-row\"><div class=\"fusion-layout-column fusion_builder_column fusion-builder-column-0 fusion_builder_column_1_1 1_1 fusion-one-full fusion-column-first fusion-column-last\" style=\"--awb-bg-size:cover;\"><div class=\"fusion-column-wrapper fusion-flex-column-wrapper-legacy\"><div class=\"fusion-text fusion-text-1\"><h2>Privacy policy<\/h2>\n<\/div><div class=\"fusion-clearfix\"><\/div><\/div><\/div><\/div><\/div><div class=\"fusion-fullwidth fullwidth-box fusion-builder-row-2 nonhundred-percent-fullwidth non-hundred-percent-height-scrolling\" style=\"--awb-border-radius-top-left:0px;--awb-border-radius-top-right:0px;--awb-border-radius-bottom-right:0px;--awb-border-radius-bottom-left:0px;--awb-flex-wrap:wrap;\" ><div class=\"fusion-builder-row fusion-row\"><div class=\"fusion-layout-column fusion_builder_column fusion-builder-column-1 fusion_builder_column_1_1 1_1 fusion-one-full fusion-column-first fusion-column-last\" style=\"--awb-bg-size:cover;\"><div class=\"fusion-column-wrapper fusion-flex-column-wrapper-legacy\"><div class=\"fusion-text fusion-text-2\"><div class=\"modulo-4 modulos\">\n<div class=\"contenedor\">\n<div class=\"textoEditor\">\n<div class=\"modulo-4 modulos\">\n<div class=\"contenedor\">\n<div class=\"textoEditor\">\n<h2 class=\"titular\"><span style=\"vertical-align: inherit;\">Protecci\u00f3n de datos personales:<\/span><\/h2>\n<p><span style=\"vertical-align: inherit;\">Nuestra Empresa no vende, alquila ni pone a disposici\u00f3n de terceros los datos personales proporcionados por los visitantes de este sitio web.<\/span><\/p>\n<p><span style=\"vertical-align: inherit;\">Datos personales significa el nombre del usuario, direcci\u00f3n, n\u00famero de tel\u00e9fono o direcci\u00f3n de fax y correo electr\u00f3nico.<\/span><\/p>\n<p><span style=\"vertical-align: inherit;\">Los Datos Personales recabados ser\u00e1n incorporados a ficheros propiedad de nuestra Empresa.<\/span><\/p>\n<p><span style=\"vertical-align: inherit;\">Asimismo, le informamos que el responsable de dicho fichero ser\u00e1 EuroCastalia, SA, con domicilio en Isabel Torres, 11-A, 2 39011 Santander (Espa\u00f1a). El hecho de que usted proporcione los datos solicitados implica su consentimiento expreso e inequ\u00edvoco a la transferencia de datos al responsable del tratamiento.<\/span><\/p>\n<p><span style=\"vertical-align: inherit;\">Esta informaci\u00f3n no se utilizar\u00e1 para marketing directo a menos que usted haya sido previamente informado de esta posibilidad y nos haya dado permiso expl\u00edcito en el momento de proporcionar estos datos.<\/span><\/p>\n<p><span style=\"vertical-align: inherit;\">Nuestra Empresa puede utilizar esta informaci\u00f3n para enviar publicaciones u otra correspondencia; env\u00edo de mensajes v\u00eda correo electr\u00f3nico.<\/span><\/p>\n<p><span style=\"vertical-align: inherit;\">Nuestra Empresa utiliza informaci\u00f3n estad\u00edstica no personal (tipo de navegador, ubicaci\u00f3n geogr\u00e1fica, edad, sexo) para mejorar nuestro sitio web.<\/span><\/p>\n<p><span style=\"vertical-align: inherit;\">Esta informaci\u00f3n no ser\u00e1 revelada a terceros.<\/span><\/p>\n<p><span style=\"vertical-align: inherit;\">Esta pol\u00edtica puede modificarse peri\u00f3dicamente. En cumplimiento de la Ley Org\u00e1nica 15\/1999, de 13 de diciembre, de Protecci\u00f3n de Datos de Car\u00e1cter Personal (la Ley), toda persona que rellene un formulario tiene derecho a:<\/span><\/p>\n<ul>\n<li><span style=\"vertical-align: inherit;\">Ser informado de los objetivos que se persiguen con el establecimiento de la base de datos.<\/span><\/li>\n<li><span style=\"vertical-align: inherit;\">Negarse a que sus datos sean incluidos en la base de datos inform\u00e1tica.<\/span><\/li>\n<li><span style=\"vertical-align: inherit;\">Tener libre acceso a los datos por ellos facilitados en todo momento.<\/span><\/li>\n<li><span style=\"vertical-align: inherit;\">Poder rectificar y\/o cancelar total o parcialmente los datos facilitados.<\/span><\/li>\n<\/ul>\n<p><span style=\"vertical-align: inherit;\">Nuestra Empresa no ceder\u00e1 estos datos a terceros en ning\u00fan caso, pero si fuera necesario, y siempre dentro del \u00e1mbito de su actividad, podr\u00e1 solicitar autorizaci\u00f3n para ello a todas y cada una de las personas implicadas, de acuerdo con las Art\u00edculo de la Ley de Protecci\u00f3n de Datos. Si no se obtiene dicha autorizaci\u00f3n los datos nunca ser\u00e1n cedidos.<\/span><\/p>\n<h2><span style=\"vertical-align: inherit;\">Informaci\u00f3n sobre las cookies<\/span><\/h2>\n<p><strong><span style=\"vertical-align: inherit;\">1. Qu\u00e9 son las cookies y por qu\u00e9 las utilizamos en este sitio<\/span><\/strong><\/p>\n<p><span style=\"vertical-align: inherit;\">Una cookie es un fichero que se descarga en el dispositivo del usuario al acceder a determinadas p\u00e1ginas web, con la finalidad de almacenar y recuperar informaci\u00f3n sobre la actividad de navegaci\u00f3n desde dicho equipo.<\/span><\/p>\n<p><span style=\"vertical-align: inherit;\">Las cookies permiten a dicha p\u00e1gina web, entre otras cosas, almacenar y recuperar informaci\u00f3n sobre las decisiones y h\u00e1bitos del usuario. En este sitio web los utilizamos para personalizar la experiencia dentro de nuestros sitios, identificar y recordar al usuario registrado y facilitar la navegaci\u00f3n.<\/span><\/p>\n<p><span style=\"vertical-align: inherit;\">Es importante se\u00f1alar que el uso de cookies no proporciona datos personales del usuario, quien frente a esta empresa permanece en el anonimato.<\/span><\/p>\n<p><span style=\"vertical-align: inherit;\">Como usuario puedes configurar tu navegador para rechazar el uso de cookies, en cuyo caso no proceder\u00eda la personalizaci\u00f3n de la experiencia, aunque seguir\u00e1s pudiendo acceder a los contenidos de nuestros sitios web con normalidad.<\/span><\/p>\n<p><span style=\"vertical-align: inherit;\">En la p\u00e1gina de Wikipedia ( <\/span><a title=\"Este enlace se abrir\u00e1 en una ventana nueva: undefinido\" href=\"https:\/\/en.wikipedia.org\/wiki\/HTTP_cookie\"><span style=\"vertical-align: inherit;\">https:\/\/en.wikipedia.org\/wiki\/HTTP_cookie<\/span><\/a><span style=\"vertical-align: inherit;\"> ) puede obtener m\u00e1s informaci\u00f3n sobre qu\u00e9 son las cookies y c\u00f3mo funcionan.<\/span><\/p>\n<p><strong>2. What kind of cookies do we use?<\/strong><\/p>\n<p>Cookies, in terms of their life, can be divided into session or permanet cookies. The first expire when the user closes the browser. The second expire when the purpose they serve is met (for example, keep the user identified on the websites and services of the company) or when they are manually deleted.<\/p>\n<p>Additionally, depending on their goal, Cookies can be categorized as follows:<\/p>\n<p><strong><em>\u00b7 Performance Cookies:<\/em>\u00a0<\/strong>This type of cookie remembers your preferences for tools found in services, so you do not need to reconfigure the service each time you visit. For example:<\/p>\n<ul>\n<li>Adjusting volume of audio or video players.<\/li>\n<li>Setting the video transmission speed that is compatible with your browser.<\/li>\n<\/ul>\n<p><strong>\u00b7\u00a0<em>Geolocation Cookies:<\/em>\u00a0<\/strong>These cookies are used to find out in which country the user is when a website or service is requested. These cookies are completely anonymous and are only used to help show relevant content for said location.<\/p>\n<p><strong>\u00b7\u00a0<em>Record Cookies:<\/em>\u00a0<\/strong>Record Cookies are generated once the user has registered or subsequently logged in, and are used to identify the user on the web and services with the following objectives:<\/p>\n<ul>\n<li>Keep the user identified so that, if the user closes a service, web, the browser or computer, and at another time or day reenters the service or site, he\/she will continue identified, thus facilitating their navigation without having to identify themselves again. This functionality can be deleted if the user presses the function \u00abExit\u00bb, so that this cookie is deleted and the next time the user enters the site he\/she must log in to be connected.<\/li>\n<li>Check whether the user is authorized to access certain services, for example, to participate in a contest.<\/li>\n<li>\u2022 Additionally, some services may use third-party links such as Facebook, Twitter or Google. When the user logs in to a service with a social network credentials or third party identification system, he\/she authorizes it to keep a permanent cookie that remembers the user\u00b4s identity and guarantees access to the website until it expires. The user can delete this cookie and revoke access to the web through social networks or third identification system by updating his\/her preferences in that specific social network.<\/li>\n<\/ul>\n<p><strong>\u00b7\u00a0<em>Analytics cookies:<\/em>\u00a0<\/strong>Whenever a user visits a Web Service, a tool from an external provider (Google Analytics, comScore and the like) generates an analytics cookie on the user&#8217;s device. This cookie, which is only generated in the visit, will anonymously identify visitors in future visits to our services. The main objectives pursued are:<\/p>\n<ul>\n<li style=\"list-style-type: none;\">\n<ul>\n<li>Allow the anonymous identification of users through the \u00abCookie\u00bb (which identifies browsers and devices, not people) and hence the approximate count of the number of visitors and their trend over time.<\/li>\n<\/ul>\n<\/li>\n<\/ul>\n<ul>\n<li style=\"list-style-type: none;\">\n<ul>\n<li>Anonymously identify the most visited, and thus more attractive to users, content.<\/li>\n<\/ul>\n<\/li>\n<\/ul>\n<ul>\n<li style=\"list-style-type: none;\">\n<ul>\n<li><span style=\"vertical-align: inherit;\">Si el usuario accede por primera vez o repite visita.<\/span><\/li>\n<\/ul>\n<\/li>\n<\/ul>\n<p><span style=\"vertical-align: inherit;\">Importante: Salvo que el usuario decida registrarse en el sitio web de una empresa, la cookie nunca ir\u00e1 asociada a ning\u00fan dato de car\u00e1cter personal que pueda identificarle. Estas cookies s\u00f3lo se utilizar\u00e1n con fines estad\u00edsticos para ayudar a optimizar la experiencia del usuario en el sitio.<\/span><\/p>\n<p><span style=\"vertical-align: inherit;\">M\u00e1s informaci\u00f3n sobre la pol\u00edtica de privacidad de estas herramientas de anal\u00edtica: <\/span><br \/>\n<a title=\"Este enlace se abrir\u00e1 en una ventana nueva: undefinido\" href=\"http:\/\/www.google.es\/intl\/es\/analytics\/privacyoverview.html\"><span style=\"vertical-align: inherit;\">Google Analytics<\/span><\/a><\/p>\n<p><strong><span style=\"vertical-align: inherit;\">\u00b7\u00a0 <\/span><em><span style=\"vertical-align: inherit;\">Cookies publicitarias:<\/span><\/em>\u00a0<\/strong><span style=\"vertical-align: inherit;\"> Estas Cookies permiten mostrar m\u00e1s informaci\u00f3n de los anuncios mostrados a cada usuario an\u00f3nimo en este sitio web. Entre otros, la duraci\u00f3n o frecuencia de la visualizaci\u00f3n de posiciones publicitarias, la interacci\u00f3n con las mismas, o patrones de navegaci\u00f3n y\/o comportamientos del usuario que ayuden a configurar un perfil de intereses publicitarios. As\u00ed, se puede ofrecer publicidad relacionada con los intereses de los usuarios.<\/span><\/p>\n<p><span style=\"vertical-align: inherit;\">\u00a0Para la gesti\u00f3n de la publicidad se utilizan herramientas de servicios de terceros ( <\/span><a title=\"Este enlace se abrir\u00e1 en una ventana nueva: undefinido\" href=\"http:\/\/es.wikipedia.org\/wiki\/Adserver\"><span style=\"vertical-align: inherit;\">Adservers \u2013 http:\/\/es.wikipedia.org\/wiki\/Adserver\u201d)<\/span><\/a><span style=\"vertical-align: inherit;\"> . Estos terceros pueden almacenar cookies enviadas desde los navegadores de los usuarios y acceder a los datos almacenados en las mismas. <\/span><br \/>\n<span style=\"vertical-align: inherit;\">Las empresas que generan estas cookies tienen sus propias pol\u00edticas de privacidad.<\/span><\/p>\n<p><strong><span style=\"vertical-align: inherit;\">3. C\u00f3mo desactivar las cookies en el navegador<\/span><\/strong><\/p>\n<p><span style=\"vertical-align: inherit;\">La mayor\u00eda de los navegadores permiten ahora al usuario configurar si acepta cookies y cu\u00e1les acepta. Estas configuraciones normalmente se encuentran en el men\u00fa de &#8216;opciones&#8217; o &#8216;preferencias&#8217; de su navegador.<\/span><\/p>\n<p><span style=\"vertical-align: inherit;\">Estas son las instrucciones para configurar cookies en los principales navegadores:<\/span><\/p>\n<div>\n<p><strong><span style=\"vertical-align: inherit;\">Chrome:<\/span><\/strong><span style=\"vertical-align: inherit;\"> \u00a0Chrome: Configuraci\u00f3n -&gt; Mostrar opciones avanzadas -&gt; Privacidad -&gt; Configuraci\u00f3n de contenido. <\/span><br \/>\n<span style=\"vertical-align: inherit;\">Para obtener m\u00e1s informaci\u00f3n, consulte el soporte de Google o el navegador de ayuda.<\/span><\/p>\n<p><strong><span style=\"vertical-align: inherit;\">Firefox:<\/span><\/strong><span style=\"vertical-align: inherit;\"> \u00a0Herramientas -&gt; Opciones -&gt; Privacidad -&gt; Historial -&gt; Configuraci\u00f3n personalizada. <\/span><br \/>\n<span style=\"vertical-align: inherit;\">Para obtener m\u00e1s informaci\u00f3n, consulte el soporte de Mozilla o la Ayuda del navegador.<\/span><\/p>\n<p><strong><span style=\"vertical-align: inherit;\">Internet Explorer:<\/span><\/strong><span style=\"vertical-align: inherit;\"> \u00a0Herramientas -&gt; Opciones de Internet -&gt; Privacidad -&gt; Configuraci\u00f3n. <\/span><br \/>\n<span style=\"vertical-align: inherit;\">Para obtener m\u00e1s informaci\u00f3n, consulte el soporte de Microsoft o el navegador de ayuda.<\/span><\/p>\n<p><strong><span style=\"vertical-align: inherit;\">Safari:<\/span><\/strong><span style=\"vertical-align: inherit;\"> \u00a0Preferencias -&gt; Seguridad. <\/span><br \/>\n<span style=\"vertical-align: inherit;\">Para obtener m\u00e1s informaci\u00f3n, consulte el soporte de Apple o el navegador de ayuda.<\/span><\/p>\n<\/div>\n<\/div>\n<\/div>\n<\/div>\n<div id=\"contenedorCombustibles\" class=\"salto\">\n<div id=\"combustiblesDobleFondo\"><\/div>\n<div class=\"bloque contenedor salto\"><\/div>\n<\/div>\n<\/div>\n<\/div>\n<\/div>\n<\/div><div class=\"fusion-clearfix\"><\/div><\/div><\/div><\/div><\/div><\/p>\n","protected":false},"excerpt":{"rendered":"","protected":false},"author":1,"featured_media":0,"parent":0,"menu_order":0,"comment_status":"closed","ping_status":"closed","template":"","meta":{"_acf_changed":false,"_monsterinsights_skip_tracking":false,"_monsterinsights_sitenote_active":false,"_monsterinsights_sitenote_note":"","_monsterinsights_sitenote_category":0,"footnotes":"","_links_to":"","_links_to_target":""},"class_list":["post-2871","page","type-page","status-publish","hentry"],"acf":[],"yoast_head":"<!-- This site is optimized with the Yoast SEO plugin v22.6 - https:\/\/yoast.com\/wordpress\/plugins\/seo\/ -->\n<title>Privacy policy - Nestor Martin<\/title>\n<meta name=\"description\" content=\"Pol\u00edtica de privacidad. Nestor Martin no vende, alquila ni cede a terceros los datos personales de los visitantes de este sitio web.\" \/>\n<meta name=\"robots\" content=\"index, follow, max-snippet:-1, max-image-preview:large, max-video-preview:-1\" \/>\n<link rel=\"canonical\" href=\"https:\/\/nestormartinstoves.com\/es\/politica-privacidad\/\" \/>\n<meta property=\"og:locale\" content=\"es_ES\" \/>\n<meta property=\"og:type\" content=\"article\" \/>\n<meta property=\"og:title\" content=\"Privacy policy - Nestor Martin\" \/>\n<meta property=\"og:description\" content=\"Pol\u00edtica de privacidad. Nestor Martin no vende, alquila ni cede a terceros los datos personales de los visitantes de este sitio web.\" \/>\n<meta property=\"og:url\" content=\"https:\/\/nestormartinstoves.com\/es\/politica-privacidad\/\" \/>\n<meta property=\"og:site_name\" content=\"Nestor Martin\" \/>\n<meta property=\"article:modified_time\" content=\"2024-05-13T10:01:30+00:00\" \/>\n<meta name=\"twitter:card\" content=\"summary_large_image\" \/>\n<meta name=\"twitter:label1\" content=\"Tiempo de lectura\" \/>\n\t<meta name=\"twitter:data1\" content=\"6 minutos\" \/>\n<script type=\"application\/ld+json\" class=\"yoast-schema-graph\">{\"@context\":\"https:\/\/schema.org\",\"@graph\":[{\"@type\":\"WebPage\",\"@id\":\"https:\/\/nestormartinstoves.com\/es\/politica-privacidad\/\",\"url\":\"https:\/\/nestormartinstoves.com\/es\/politica-privacidad\/\",\"name\":\"Privacy policy - Nestor Martin\",\"isPartOf\":{\"@id\":\"https:\/\/nestormartinstoves.com\/es\/#website\"},\"datePublished\":\"2018-01-19T11:13:57+00:00\",\"dateModified\":\"2024-05-13T10:01:30+00:00\",\"description\":\"Pol\u00edtica de privacidad. Nestor Martin no vende, alquila ni cede a terceros los datos personales de los visitantes de este sitio web.\",\"breadcrumb\":{\"@id\":\"https:\/\/nestormartinstoves.com\/es\/politica-privacidad\/#breadcrumb\"},\"inLanguage\":\"es\",\"potentialAction\":[{\"@type\":\"ReadAction\",\"target\":[\"https:\/\/nestormartinstoves.com\/es\/politica-privacidad\/\"]}]},{\"@type\":\"BreadcrumbList\",\"@id\":\"https:\/\/nestormartinstoves.com\/es\/politica-privacidad\/#breadcrumb\",\"itemListElement\":[{\"@type\":\"ListItem\",\"position\":1,\"name\":\"Home\",\"item\":\"https:\/\/nestormartinstoves.com\/es\/\"},{\"@type\":\"ListItem\",\"position\":2,\"name\":\"Privacy policy\"}]},{\"@type\":\"WebSite\",\"@id\":\"https:\/\/nestormartinstoves.com\/es\/#website\",\"url\":\"https:\/\/nestormartinstoves.com\/es\/\",\"name\":\"Nestor Martin\",\"description\":\"\",\"potentialAction\":[{\"@type\":\"SearchAction\",\"target\":{\"@type\":\"EntryPoint\",\"urlTemplate\":\"https:\/\/nestormartinstoves.com\/es\/?s={search_term_string}\"},\"query-input\":\"required name=search_term_string\"}],\"inLanguage\":\"es\"}]}<\/script>\n<!-- \/ Yoast SEO plugin. -->","yoast_head_json":{"title":"Privacy policy - Nestor Martin","description":"Pol\u00edtica de privacidad. Nestor Martin no vende, alquila ni cede a terceros los datos personales de los visitantes de este sitio web.","robots":{"index":"index","follow":"follow","max-snippet":"max-snippet:-1","max-image-preview":"max-image-preview:large","max-video-preview":"max-video-preview:-1"},"canonical":"https:\/\/nestormartinstoves.com\/es\/politica-privacidad\/","og_locale":"es_ES","og_type":"article","og_title":"Privacy policy - Nestor Martin","og_description":"Pol\u00edtica de privacidad. Nestor Martin no vende, alquila ni cede a terceros los datos personales de los visitantes de este sitio web.","og_url":"https:\/\/nestormartinstoves.com\/es\/politica-privacidad\/","og_site_name":"Nestor Martin","article_modified_time":"2024-05-13T10:01:30+00:00","twitter_card":"summary_large_image","twitter_misc":{"Tiempo de lectura":"6 minutos"},"schema":{"@context":"https:\/\/schema.org","@graph":[{"@type":"WebPage","@id":"https:\/\/nestormartinstoves.com\/es\/politica-privacidad\/","url":"https:\/\/nestormartinstoves.com\/es\/politica-privacidad\/","name":"Privacy policy - Nestor Martin","isPartOf":{"@id":"https:\/\/nestormartinstoves.com\/es\/#website"},"datePublished":"2018-01-19T11:13:57+00:00","dateModified":"2024-05-13T10:01:30+00:00","description":"Pol\u00edtica de privacidad. Nestor Martin no vende, alquila ni cede a terceros los datos personales de los visitantes de este sitio web.","breadcrumb":{"@id":"https:\/\/nestormartinstoves.com\/es\/politica-privacidad\/#breadcrumb"},"inLanguage":"es","potentialAction":[{"@type":"ReadAction","target":["https:\/\/nestormartinstoves.com\/es\/politica-privacidad\/"]}]},{"@type":"BreadcrumbList","@id":"https:\/\/nestormartinstoves.com\/es\/politica-privacidad\/#breadcrumb","itemListElement":[{"@type":"ListItem","position":1,"name":"Home","item":"https:\/\/nestormartinstoves.com\/es\/"},{"@type":"ListItem","position":2,"name":"Privacy policy"}]},{"@type":"WebSite","@id":"https:\/\/nestormartinstoves.com\/es\/#website","url":"https:\/\/nestormartinstoves.com\/es\/","name":"Nestor Martin","description":"","potentialAction":[{"@type":"SearchAction","target":{"@type":"EntryPoint","urlTemplate":"https:\/\/nestormartinstoves.com\/es\/?s={search_term_string}"},"query-input":"required name=search_term_string"}],"inLanguage":"es"}]}},"_links":{"self":[{"href":"https:\/\/nestormartinstoves.com\/es\/wp-json\/wp\/v2\/pages\/2871","targetHints":{"allow":["GET"]}}],"collection":[{"href":"https:\/\/nestormartinstoves.com\/es\/wp-json\/wp\/v2\/pages"}],"about":[{"href":"https:\/\/nestormartinstoves.com\/es\/wp-json\/wp\/v2\/types\/page"}],"author":[{"embeddable":true,"href":"https:\/\/nestormartinstoves.com\/es\/wp-json\/wp\/v2\/users\/1"}],"replies":[{"embeddable":true,"href":"https:\/\/nestormartinstoves.com\/es\/wp-json\/wp\/v2\/comments?post=2871"}],"version-history":[{"count":3,"href":"https:\/\/nestormartinstoves.com\/es\/wp-json\/wp\/v2\/pages\/2871\/revisions"}],"predecessor-version":[{"id":4777,"href":"https:\/\/nestormartinstoves.com\/es\/wp-json\/wp\/v2\/pages\/2871\/revisions\/4777"}],"wp:attachment":[{"href":"https:\/\/nestormartinstoves.com\/es\/wp-json\/wp\/v2\/media?parent=2871"}],"curies":[{"name":"wp","href":"https:\/\/api.w.org\/{rel}","templated":true}]}}