{"id":4940,"date":"2018-01-19T12:13:57","date_gmt":"2018-01-19T11:13:57","guid":{"rendered":"https:\/\/nestormartinstoves.com\/datenschutzrichtlinie\/"},"modified":"2024-12-11T13:26:38","modified_gmt":"2024-12-11T12:26:38","slug":"datenschutzrichtlinie","status":"publish","type":"page","link":"https:\/\/nestormartinstoves.com\/de\/datenschutzrichtlinie\/","title":{"rendered":"Datenschutzrichtlinie"},"content":{"rendered":"<p><div class=\"fusion-fullwidth fullwidth-box fusion-builder-row-1 nonhundred-percent-fullwidth non-hundred-percent-height-scrolling\" style=\"--awb-border-radius-top-left:0px;--awb-border-radius-top-right:0px;--awb-border-radius-bottom-right:0px;--awb-border-radius-bottom-left:0px;--awb-flex-wrap:wrap;\" ><div class=\"fusion-builder-row fusion-row\"><div class=\"fusion-layout-column fusion_builder_column fusion-builder-column-0 fusion_builder_column_1_1 1_1 fusion-one-full fusion-column-first fusion-column-last\" style=\"--awb-bg-size:cover;\"><div class=\"fusion-column-wrapper fusion-flex-column-wrapper-legacy\"><div class=\"fusion-text fusion-text-1\"><h2>Datenschutzrichtlinie<\/h2>\n<\/div><div class=\"fusion-clearfix\"><\/div><\/div><\/div><\/div><\/div><div class=\"fusion-fullwidth fullwidth-box fusion-builder-row-2 nonhundred-percent-fullwidth non-hundred-percent-height-scrolling\" style=\"--awb-border-radius-top-left:0px;--awb-border-radius-top-right:0px;--awb-border-radius-bottom-right:0px;--awb-border-radius-bottom-left:0px;--awb-flex-wrap:wrap;\" ><div class=\"fusion-builder-row fusion-row\"><div class=\"fusion-layout-column fusion_builder_column fusion-builder-column-1 fusion_builder_column_1_1 1_1 fusion-one-full fusion-column-first fusion-column-last\" style=\"--awb-bg-size:cover;\"><div class=\"fusion-column-wrapper fusion-flex-column-wrapper-legacy\"><div class=\"fusion-text fusion-text-2\"><div class=\"modulo-4 modulos\">\n<div class=\"contenedor\">\n<div class=\"textoEditor\">\n<h2 class=\"titular\">Schutz personenbezogener Daten:<\/h2>\n<p>Unser Unternehmen verkauft, vermietet oder stellt Dritten die personenbezogenen Daten, die von Besuchern dieser Website bereitgestellt werden, nicht zur Verf\u00fcgung.<\/p>\n<p>Personenbezogene Daten umfassen den Namen, die Adresse, die Telefonnummer oder Faxnummer sowie die E-Mail-Adresse des Nutzers.<\/p>\n<p>Die gesammelten personenbezogenen Daten werden in Dateien aufgenommen, die im Besitz unseres Unternehmens sind.<\/p>\n<p>Ebenso informieren wir Sie, dass der Verantwortliche f\u00fcr diese Datei EuroCastalia, SA, mit Sitz in Isabel Torres, 11-A, 2 39011 Santander (Spanien) sein wird. Die Tatsache, dass Sie die angeforderten Daten bereitstellen, bedeutet Ihre ausdr\u00fcckliche und eindeutige Zustimmung zur \u00dcbertragung der Daten an den Verantwortlichen. <\/p>\n<p>Diese Informationen werden nicht f\u00fcr Direktmarketing verwendet, es sei denn, Sie wurden zuvor \u00fcber diese M\u00f6glichkeit informiert und haben uns bei der Bereitstellung dieser Daten ausdr\u00fccklich Ihre Erlaubnis erteilt.<\/p>\n<p>Unser Unternehmen kann diese Informationen verwenden, um Publikationen oder andere Korrespondenz zu versenden; Nachrichten per E-Mail zu senden.<\/p>\n<p>Unser Unternehmen verwendet nicht-personenbezogene statistische Informationen (Browsertyp, geografische Lage, Alter, Geschlecht) zur Verbesserung unserer Website.<\/p>\n<p>Diese Informationen werden nicht an Dritte weitergegeben.<\/p>\n<p>Diese Richtlinie kann regelm\u00e4\u00dfig ge\u00e4ndert werden. In \u00dcbereinstimmung mit dem Gesetz 15\/1999 vom 13. Dezember zum Schutz personenbezogener Daten (dem Gesetz) hat jede Person, die ein Formular ausf\u00fcllt, das Recht auf:<\/p>\n<ul>\n<li>\u00dcber die Ziele, die mit der Einrichtung der Datenbank verfolgt werden, informiert zu werden.<\/li>\n<li>Die Aufnahme ihrer Daten in die computergest\u00fctzte Datenbank zu verweigern.<\/li>\n<li>Jederzeit freien Zugang zu den von ihnen bereitgestellten Daten zu haben.<\/li>\n<li>In der Lage zu sein, alle oder einen Teil der bereitgestellten Daten zu berichtigen und\/oder zu l\u00f6schen.<\/li>\n<\/ul>\n<p>Unser Unternehmen wird diese Daten unter keinen Umst\u00e4nden an Dritte weitergeben, jedoch kann, falls es notwendig ist und immer im Rahmen seiner Gesch\u00e4ftst\u00e4tigkeit, die Zustimmung zur Weitergabe von jedem betroffenen Person angefordert werden, gem\u00e4\u00df dem Artikel des Datenschutzgesetzes. Wenn diese Zustimmung nicht erteilt wird, werden die Daten niemals \u00fcbertragen. <\/p>\n<h2>Informationen zu Cookies<\/h2>\n<p><strong>1. Was Cookies sind und warum wir sie auf dieser Website verwenden<\/strong><\/p>\n<p>Ein Cookie ist eine Datei, die auf das Ger\u00e4t des Nutzers heruntergeladen wird, wenn bestimmte Webseiten aufgerufen werden, um Informationen \u00fcber die Navigationsaktivit\u00e4ten von diesem Ger\u00e4t zu speichern und abzurufen.<\/p>\n<p>Cookies erm\u00f6glichen es der betreffenden Webseite unter anderem, Informationen \u00fcber die Entscheidungen und Gewohnheiten des Nutzers zu speichern und abzurufen. Auf dieser Website verwenden wir sie, um die Erfahrung auf unseren Seiten anzupassen, den registrierten Nutzer zu identifizieren und zu merken sowie die Navigation zu erleichtern. <\/p>\n<p>Es ist wichtig zu beachten, dass die Verwendung von Cookies keine personenbezogenen Daten des Nutzers liefert, der gegen\u00fcber diesem Unternehmen anonym bleibt.<\/p>\n<p>Als Nutzer k\u00f6nnen Sie Ihren Browser so konfigurieren, dass die Verwendung von Cookies abgelehnt wird. In diesem Fall w\u00fcrde die Anpassung der Erfahrung nicht angewendet, aber Sie k\u00f6nnen weiterhin auf die Inhalte unserer Websites normal zugreifen.<\/p>\n<p>Auf der Wikipedia-Seite (<a title=\"Dieser Link wird in einem neuen Fenster ge\u00f6ffnet: undefiniert\" href=\"https:\/\/en.wikipedia.org\/wiki\/HTTP_cookie\">https:\/\/de.wikipedia.org\/wiki\/HTTP-Cookie<\/a>) k\u00f6nnen Sie mehr Informationen dar\u00fcber erhalten, was Cookies sind und wie sie funktionieren.<\/p>\n<p><strong>2. Welche Art von Cookies verwenden wir?<\/strong><\/p>\n<p>Cookies k\u00f6nnen in Bezug auf ihre Lebensdauer in Session-Cookies oder permanente Cookies unterteilt werden. Erstere verfallen, wenn der Nutzer den Browser schlie\u00dft. Letztere verfallen, wenn der Zweck, den sie erf\u00fcllen, erreicht ist (zum Beispiel, um den Nutzer auf den Webseiten und Diensten des Unternehmens identifiziert zu halten) oder wenn sie manuell gel\u00f6scht werden.  <\/p>\n<p>Additionally, depending on their goal, Cookies can be categorized as follows:<\/p>\n<p><em><strong>\u00b7 Leistungs-Cookies:<\/strong><\/em> Dieser Cookie-Typ merkt sich Ihre Pr\u00e4ferenzen f\u00fcr Werkzeuge, die in Diensten zu finden sind, sodass Sie den Dienst bei jedem Besuch nicht erneut konfigurieren m\u00fcssen. Zum Beispiel: <\/p>\n<ul>\n<li>Anpassen der Lautst\u00e4rke von Audio- oder Videoplayern.<\/li>\n<li>Einstellung der Videotransferrate, die mit Ihrem Browser kompatibel ist.<\/li>\n<\/ul>\n<p><em><strong>\u00b7 Geolokalisierungs-Cookies:<\/strong><\/em> Diese Cookies werden verwendet, um herauszufinden, in welchem Land sich der Nutzer befindet, wenn eine Webseite oder ein Dienst aufgerufen wird. Diese Cookies sind vollst\u00e4ndig anonym und werden nur verwendet, um relevanten Inhalt f\u00fcr den entsprechenden Standort anzuzeigen. <\/p>\n<p><em><strong>\u00b7 Registrierungscookies:<\/strong><\/em> Registrierungscookies werden erzeugt, sobald sich der Nutzer registriert oder sich anschlie\u00dfend anmeldet, und werden verwendet, um den Nutzer auf der Webseite und den Diensten mit den folgenden Zielen zu identifizieren:<\/p>\n<ul>\n<li>Den Nutzer identifiziert zu halten, sodass er, falls er einen Dienst, eine Website, den Browser oder den Computer schlie\u00dft und sp\u00e4ter an einem anderen Zeitpunkt oder Tag den Dienst oder die Seite erneut betritt, weiterhin identifiziert bleibt. Dies erleichtert die Navigation, ohne dass sich der Nutzer erneut anmelden muss. Diese Funktionalit\u00e4t kann gel\u00f6scht werden, wenn der Nutzer die Funktion &#8222;Abmelden&#8220; dr\u00fcckt, wodurch dieses Cookie gel\u00f6scht wird und der Nutzer beim n\u00e4chsten Besuch der Seite sich wieder anmelden muss, um verbunden zu bleiben. <\/li>\n<li>\u00dcberpr\u00fcfen, ob der Nutzer berechtigt ist, auf bestimmte Dienste zuzugreifen, zum Beispiel, um an einem Wettbewerb teilzunehmen.<\/li>\n<li>Zus\u00e4tzlich k\u00f6nnen einige Dienste Links zu Drittanbietern wie Facebook, Twitter oder Google verwenden. Wenn sich der Nutzer mit den Anmeldedaten eines sozialen Netzwerks oder eines Drittanbieter-Identifikationssystems bei einem Dienst anmeldet, autorisiert er\/sie, dass ein permanenter Cookie gespeichert wird, der die Identit\u00e4t des Nutzers speichert und den Zugang zur Webseite bis zum Ablauf garantiert. Der Nutzer kann diesen Cookie l\u00f6schen und den Zugang zur Webseite \u00fcber soziale Netzwerke oder ein Drittanbieter-Identifikationssystem widerrufen, indem er\/sie seine\/ihre Pr\u00e4ferenzen in diesem spezifischen sozialen Netzwerk aktualisiert.  <\/li>\n<\/ul>\n<p><em><strong>\u00b7 Analytics cookies:<\/strong><\/em> Whenever a user visits a Web Service, a tool from an external provider (Google Analytics, comScore and the like) generates an analytics cookie on the user&#8217;s device. This cookie, which is only generated in the visit, will anonymously identify visitors in future visits to our services. The main objectives pursued are:  <\/p>\n<ul>\n<li style=\"list-style-type: none;\">\n<ul>\n<li>Erm\u00f6glichen die anonyme Identifizierung von Nutzern durch das &#8222;Cookie&#8220; (das Browser und Ger\u00e4te identifiziert, nicht Personen) und somit die ungef\u00e4hre Z\u00e4hlung der Anzahl der Besucher und deren Entwicklung im Laufe der Zeit.<\/li>\n<\/ul>\n<\/li>\n<\/ul>\n<ul>\n<li style=\"list-style-type: none;\">\n<ul>\n<li>Die am h\u00e4ufigsten besuchten und somit f\u00fcr die Nutzer attraktiveren Inhalte anonym zu identifizieren.<\/li>\n<\/ul>\n<\/li>\n<\/ul>\n<ul>\n<li style=\"list-style-type: none;\">\n<ul>\n<li>Ob der Nutzer zum ersten Mal zugreift oder einen Besuch wiederholt.<\/li>\n<\/ul>\n<\/li>\n<\/ul>\n<p>Wichtig: Es sei denn, der Nutzer entscheidet sich, sich auf der Website eines Unternehmens zu registrieren, wird der Cookie niemals mit pers\u00f6nlichen Daten verbunden, die ihn identifizieren k\u00f6nnen. Diese Cookies werden nur f\u00fcr statistische Zwecke verwendet, um die Benutzererfahrung auf der Website zu optimieren.<\/p>\n<p>Weitere Informationen zur Datenschutzrichtlinie dieser Analysetools: <br \/><a title=\"Dieser Link wird in einem neuen Fenster ge\u00f6ffnet: undefiniert\" href=\"http:\/\/www.google.es\/intl\/es\/analytics\/privacyoverview.html\">Google Analytics<\/a><\/p>\n<p><em><strong>\u00b7 Werbe-Cookies:<\/strong><\/em> Diese Cookies erm\u00f6glichen es, weitere Informationen zu den Anzeigen anzuzeigen, die jedem anonymen Nutzer auf dieser Website gezeigt werden. Unter anderem die Dauer oder H\u00e4ufigkeit der Anzeige von Werbepl\u00e4tzen, die Interaktion mit diesen oder Browsing-Muster und\/oder Nutzerverhalten, die dabei helfen, ein Profil der Werbeinteressen zu erstellen. So kann Werbung angeboten werden, die mit den Interessen des Nutzers in Zusammenhang steht.<\/p>\n<p>Zur Verwaltung von Werbung werden Tools von Drittanbietern (<a title=\"Dieser Link wird in einem neuen Fenster ge\u00f6ffnet: undefiniert\" href=\"http:\/\/es.wikipedia.org\/wiki\/Adserver\">Adserver \u2013 http:\/\/es.wikipedia.org\/wiki\/Adserver<\/a>) verwendet. Diese Drittanbieter k\u00f6nnen Cookies speichern, die von den Browsern der Nutzer gesendet werden, und auf die darin gespeicherten Daten zugreifen.<\/p>\n<p>Unternehmen, die diese Cookies erzeugen, haben ihre eigenen Datenschutzrichtlinien.<\/p>\n<p><strong>3. Wie man Cookies im Browser deaktiviert<\/strong><\/p>\n<p>Die meisten Browser erm\u00f6glichen es dem Nutzer heutzutage, zu konfigurieren, ob Cookies akzeptiert werden sollen und welche davon akzeptiert werden. Diese Einstellungen befinden sich normalerweise im Men\u00fc &#8222;Optionen&#8220; oder &#8222;Einstellungen&#8220; Ihres Browsers.<\/p>\n<p>Dies sind die Anweisungen zur Einstellung von Cookies in den g\u00e4ngigsten Browsern:<\/p>\n<div>\n<p><strong>Chrome:<\/strong> Chrome: Einstellungen -&gt; Erweiterte Einstellungen anzeigen -&gt; Datenschutz -&gt; Inhalteinstellungen.<\/p>\n<p>F\u00fcr weitere Informationen konsultieren Sie bitte den Google-Support oder die Hilfe des Browsers.<\/p>\n<p><strong>Firefox:<\/strong> Werkzeuge -&gt; Optionen -&gt; Datenschutz -&gt; Verlauf -&gt; Benutzerdefinierte Einstellungen.<\/p>\n<p>F\u00fcr weitere Informationen konsultieren Sie bitte den Mozilla-Support oder die Hilfe des Browsers.<\/p>\n<p><strong>Internet Explorer:<\/strong> Werkzeuge -&gt; Internetoptionen -&gt; Datenschutz -&gt; Einstellungen.<\/p>\n<p>F\u00fcr weitere Informationen konsultieren Sie bitte den Microsoft-Support oder die Hilfe des Browsers.<\/p>\n<p><strong>Safari:<\/strong> Einstellungen -&gt; Security.<\/p>\n<p>F\u00fcr weitere Informationen konsultieren Sie bitte den Apple-Support oder die Hilfe des Browsers.<\/p>\n<\/div>\n<\/div>\n<\/div>\n<\/div>\n<div id=\"contenedorCombustibles\" class=\"salto\">\n<div id=\"combustiblesDobleFondo\"> <\/div>\n<div class=\"bloque contenedor salto\"> <\/div>\n<\/div>\n<\/div><div class=\"fusion-clearfix\"><\/div><\/div><\/div><\/div><\/div><\/p>\n","protected":false},"excerpt":{"rendered":"","protected":false},"author":1,"featured_media":0,"parent":0,"menu_order":0,"comment_status":"closed","ping_status":"closed","template":"","meta":{"_acf_changed":false,"_monsterinsights_skip_tracking":false,"_monsterinsights_sitenote_active":false,"_monsterinsights_sitenote_note":"","_monsterinsights_sitenote_category":0,"footnotes":"","_links_to":"","_links_to_target":""},"class_list":["post-4940","page","type-page","status-publish","hentry"],"acf":[],"yoast_head":"<!-- This site is optimized with the Yoast SEO plugin v22.6 - https:\/\/yoast.com\/wordpress\/plugins\/seo\/ -->\n<title>Datenschutzrichtlinie - Nestor Martin<\/title>\n<meta name=\"description\" content=\"Datenschutzrichtlinie. Nestor Martin verkauft, vermietet oder verleiht die pers\u00f6nlichen Daten der Besucher dieser Website nicht an Dritte.\" \/>\n<meta name=\"robots\" content=\"index, follow, max-snippet:-1, max-image-preview:large, max-video-preview:-1\" \/>\n<link rel=\"canonical\" href=\"https:\/\/nestormartinstoves.com\/de\/datenschutzrichtlinie\/\" \/>\n<meta property=\"og:locale\" content=\"de_DE\" \/>\n<meta property=\"og:type\" content=\"article\" \/>\n<meta property=\"og:title\" content=\"Datenschutzrichtlinie - Nestor Martin\" \/>\n<meta property=\"og:description\" content=\"Datenschutzrichtlinie. Nestor Martin verkauft, vermietet oder verleiht die pers\u00f6nlichen Daten der Besucher dieser Website nicht an Dritte.\" \/>\n<meta property=\"og:url\" content=\"https:\/\/nestormartinstoves.com\/de\/datenschutzrichtlinie\/\" \/>\n<meta property=\"og:site_name\" content=\"Nestor Martin\" \/>\n<meta property=\"article:modified_time\" content=\"2024-12-11T12:26:38+00:00\" \/>\n<meta name=\"twitter:card\" content=\"summary_large_image\" \/>\n<meta name=\"twitter:label1\" content=\"Gesch\u00e4tzte Lesezeit\" \/>\n\t<meta name=\"twitter:data1\" content=\"9\u00a0Minuten\" \/>\n<script type=\"application\/ld+json\" class=\"yoast-schema-graph\">{\"@context\":\"https:\/\/schema.org\",\"@graph\":[{\"@type\":\"WebPage\",\"@id\":\"https:\/\/nestormartinstoves.com\/de\/datenschutzrichtlinie\/\",\"url\":\"https:\/\/nestormartinstoves.com\/de\/datenschutzrichtlinie\/\",\"name\":\"Datenschutzrichtlinie - Nestor Martin\",\"isPartOf\":{\"@id\":\"https:\/\/nestormartinstoves.com\/de\/#website\"},\"datePublished\":\"2018-01-19T11:13:57+00:00\",\"dateModified\":\"2024-12-11T12:26:38+00:00\",\"description\":\"Datenschutzrichtlinie. Nestor Martin verkauft, vermietet oder verleiht die pers\u00f6nlichen Daten der Besucher dieser Website nicht an Dritte.\",\"breadcrumb\":{\"@id\":\"https:\/\/nestormartinstoves.com\/de\/datenschutzrichtlinie\/#breadcrumb\"},\"inLanguage\":\"de\",\"potentialAction\":[{\"@type\":\"ReadAction\",\"target\":[\"https:\/\/nestormartinstoves.com\/de\/datenschutzrichtlinie\/\"]}]},{\"@type\":\"BreadcrumbList\",\"@id\":\"https:\/\/nestormartinstoves.com\/de\/datenschutzrichtlinie\/#breadcrumb\",\"itemListElement\":[{\"@type\":\"ListItem\",\"position\":1,\"name\":\"Home\",\"item\":\"https:\/\/nestormartinstoves.com\/de\/\"},{\"@type\":\"ListItem\",\"position\":2,\"name\":\"Datenschutzrichtlinie\"}]},{\"@type\":\"WebSite\",\"@id\":\"https:\/\/nestormartinstoves.com\/de\/#website\",\"url\":\"https:\/\/nestormartinstoves.com\/de\/\",\"name\":\"Nestor Martin\",\"description\":\"\",\"potentialAction\":[{\"@type\":\"SearchAction\",\"target\":{\"@type\":\"EntryPoint\",\"urlTemplate\":\"https:\/\/nestormartinstoves.com\/de\/?s={search_term_string}\"},\"query-input\":\"required name=search_term_string\"}],\"inLanguage\":\"de\"}]}<\/script>\n<!-- \/ Yoast SEO plugin. -->","yoast_head_json":{"title":"Datenschutzrichtlinie - Nestor Martin","description":"Datenschutzrichtlinie. Nestor Martin verkauft, vermietet oder verleiht die pers\u00f6nlichen Daten der Besucher dieser Website nicht an Dritte.","robots":{"index":"index","follow":"follow","max-snippet":"max-snippet:-1","max-image-preview":"max-image-preview:large","max-video-preview":"max-video-preview:-1"},"canonical":"https:\/\/nestormartinstoves.com\/de\/datenschutzrichtlinie\/","og_locale":"de_DE","og_type":"article","og_title":"Datenschutzrichtlinie - Nestor Martin","og_description":"Datenschutzrichtlinie. Nestor Martin verkauft, vermietet oder verleiht die pers\u00f6nlichen Daten der Besucher dieser Website nicht an Dritte.","og_url":"https:\/\/nestormartinstoves.com\/de\/datenschutzrichtlinie\/","og_site_name":"Nestor Martin","article_modified_time":"2024-12-11T12:26:38+00:00","twitter_card":"summary_large_image","twitter_misc":{"Gesch\u00e4tzte Lesezeit":"9\u00a0Minuten"},"schema":{"@context":"https:\/\/schema.org","@graph":[{"@type":"WebPage","@id":"https:\/\/nestormartinstoves.com\/de\/datenschutzrichtlinie\/","url":"https:\/\/nestormartinstoves.com\/de\/datenschutzrichtlinie\/","name":"Datenschutzrichtlinie - Nestor Martin","isPartOf":{"@id":"https:\/\/nestormartinstoves.com\/de\/#website"},"datePublished":"2018-01-19T11:13:57+00:00","dateModified":"2024-12-11T12:26:38+00:00","description":"Datenschutzrichtlinie. Nestor Martin verkauft, vermietet oder verleiht die pers\u00f6nlichen Daten der Besucher dieser Website nicht an Dritte.","breadcrumb":{"@id":"https:\/\/nestormartinstoves.com\/de\/datenschutzrichtlinie\/#breadcrumb"},"inLanguage":"de","potentialAction":[{"@type":"ReadAction","target":["https:\/\/nestormartinstoves.com\/de\/datenschutzrichtlinie\/"]}]},{"@type":"BreadcrumbList","@id":"https:\/\/nestormartinstoves.com\/de\/datenschutzrichtlinie\/#breadcrumb","itemListElement":[{"@type":"ListItem","position":1,"name":"Home","item":"https:\/\/nestormartinstoves.com\/de\/"},{"@type":"ListItem","position":2,"name":"Datenschutzrichtlinie"}]},{"@type":"WebSite","@id":"https:\/\/nestormartinstoves.com\/de\/#website","url":"https:\/\/nestormartinstoves.com\/de\/","name":"Nestor Martin","description":"","potentialAction":[{"@type":"SearchAction","target":{"@type":"EntryPoint","urlTemplate":"https:\/\/nestormartinstoves.com\/de\/?s={search_term_string}"},"query-input":"required name=search_term_string"}],"inLanguage":"de"}]}},"_links":{"self":[{"href":"https:\/\/nestormartinstoves.com\/de\/wp-json\/wp\/v2\/pages\/4940","targetHints":{"allow":["GET"]}}],"collection":[{"href":"https:\/\/nestormartinstoves.com\/de\/wp-json\/wp\/v2\/pages"}],"about":[{"href":"https:\/\/nestormartinstoves.com\/de\/wp-json\/wp\/v2\/types\/page"}],"author":[{"embeddable":true,"href":"https:\/\/nestormartinstoves.com\/de\/wp-json\/wp\/v2\/users\/1"}],"replies":[{"embeddable":true,"href":"https:\/\/nestormartinstoves.com\/de\/wp-json\/wp\/v2\/comments?post=4940"}],"version-history":[{"count":2,"href":"https:\/\/nestormartinstoves.com\/de\/wp-json\/wp\/v2\/pages\/4940\/revisions"}],"predecessor-version":[{"id":4942,"href":"https:\/\/nestormartinstoves.com\/de\/wp-json\/wp\/v2\/pages\/4940\/revisions\/4942"}],"wp:attachment":[{"href":"https:\/\/nestormartinstoves.com\/de\/wp-json\/wp\/v2\/media?parent=4940"}],"curies":[{"name":"wp","href":"https:\/\/api.w.org\/{rel}","templated":true}]}}